{"id":5266,"date":"2021-07-18T08:03:35","date_gmt":"2021-07-18T08:03:35","guid":{"rendered":"https:\/\/nuss.uxper.co\/luxury-resort\/?page_id=5266"},"modified":"2025-12-18T12:08:26","modified_gmt":"2025-12-18T12:08:26","slug":"uber-uns","status":"publish","type":"page","link":"https:\/\/chimelongpanda.com\/de\/uber-uns\/","title":{"rendered":"\u00dcber uns"},"content":{"rendered":"<div data-elementor-type=\"wp-page\" data-elementor-id=\"5266\" class=\"elementor elementor-5266\">\n\t\t\t\t\t\t<section class=\"elementor-section elementor-top-section elementor-element elementor-element-10416953 elementor-section-boxed elementor-section-gap-beside-yes elementor-section-height-default elementor-section-height-default elementor-section-column-vertical-align-stretch\" data-id=\"10416953\" data-element_type=\"section\" data-e-type=\"section\">\n\t\t\t\t\t\t<div class=\"elementor-container elementor-column-gap-extended\">\n\t\t\t\t\t<div class=\"elementor-column elementor-col-100 elementor-top-column elementor-element elementor-element-29c6aa8\" data-id=\"29c6aa8\" data-element_type=\"column\" data-e-type=\"column\">\n\t\t\t<div class=\"elementor-widget-wrap elementor-element-populated\">\n\t\t\t\t\t\t<div class=\"elementor-element elementor-element-7be18fe7 elementor-widget__width-initial elementor-invisible elementor-widget elementor-widget-text-editor\" data-id=\"7be18fe7\" data-element_type=\"widget\" data-e-type=\"widget\" data-settings=\"{&quot;_animation&quot;:&quot;nussFadeInUp&quot;}\" data-widget_type=\"text-editor.default\">\n\t\t\t\t\t\t\t\t\t<div class=\"svelte-1c06zsf\" data-lang-code=\"\"><p class=\"qwen-markdown-paragraph\"><strong class=\"qwen-markdown-strong\"><span class=\"qwen-markdown-text\" data-spm-anchor-id=\"a2ty_o01.29997173.0.i23.37985171XzH3oI\">Betreten Sie ein Panda-Wunderland: Willkommen im Chimelong Panda Hotel, Guangzhou<\/span><\/strong><\/p><\/div>\t\t\t\t\t\t\t\t<\/div>\n\t\t\t\t\t<\/div>\n\t\t<\/div>\n\t\t\t\t\t<\/div>\n\t\t<\/section>\n\t\t\t\t<section class=\"elementor-section elementor-top-section elementor-element elementor-element-7d18327f elementor-section-boxed elementor-section-gap-beside-yes elementor-section-height-default elementor-section-height-default elementor-section-column-vertical-align-stretch\" data-id=\"7d18327f\" data-element_type=\"section\" data-e-type=\"section\">\n\t\t\t\t\t\t<div class=\"elementor-container elementor-column-gap-extended\">\n\t\t\t\t\t<div class=\"elementor-column elementor-col-50 elementor-top-column elementor-element elementor-element-56533670\" data-id=\"56533670\" data-element_type=\"column\" data-e-type=\"column\">\n\t\t\t<div class=\"elementor-widget-wrap elementor-element-populated\">\n\t\t\t\t\t\t<div class=\"elementor-element elementor-element-19c3f543 elementor-drop-cap-yes elementor-drop-cap-view-default elementor-invisible elementor-widget elementor-widget-text-editor\" data-id=\"19c3f543\" data-element_type=\"widget\" data-e-type=\"widget\" data-settings=\"{&quot;_animation&quot;:&quot;nussFadeInUp&quot;,&quot;drop_cap&quot;:&quot;yes&quot;}\" data-widget_type=\"text-editor.default\">\n\t\t\t\t\t\t\t\t\t<p class=\"qwen-markdown-paragraph\"><span class=\"qwen-markdown-text\">Eingebettet im Herzen von Chinas aufregendstem Unterhaltungszentrum, <\/span><strong class=\"qwen-markdown-strong\"><span class=\"qwen-markdown-text\">Chimelong Panda Hotel<\/span><\/strong><span class=\"qwen-markdown-text\"> l\u00e4dt Sie ein, Luxus mit einem spielerischen Touch zu erleben. Gelegen im legend\u00e4ren <\/span><strong class=\"qwen-markdown-strong\"><span class=\"qwen-markdown-text\">Chimelong Touristenresort<\/span><\/strong><span class=\"qwen-markdown-text\"> Dieses 5-Sterne-Familienresort an der Panyu Avenue in Guangzhou ist nicht nur ein Ort zum Ausruhen \u2013 es ist ein umfassendes Abenteuer, das in dem Moment beginnt, in dem man durch seine fantasievollen T\u00fcren tritt.<\/span><\/p>\t\t\t\t\t\t\t\t<\/div>\n\t\t\t\t\t<\/div>\n\t\t<\/div>\n\t\t\t\t<div class=\"elementor-column elementor-col-50 elementor-top-column elementor-element elementor-element-30f14127\" data-id=\"30f14127\" data-element_type=\"column\" data-e-type=\"column\">\n\t\t\t<div class=\"elementor-widget-wrap elementor-element-populated\">\n\t\t\t\t\t\t<div class=\"elementor-element elementor-element-59aea08 elementor-widget elementor-widget-image\" data-id=\"59aea08\" data-element_type=\"widget\" data-e-type=\"widget\" data-widget_type=\"image.default\">\n\t\t\t\t\t\t\t\t\t\t\t\t\t\t\t<img fetchpriority=\"high\" decoding=\"async\" width=\"1024\" height=\"682\" src=\"https:\/\/chimelongpanda.com\/wp-content\/uploads\/2025\/12\/chimelongpandahotel-13-1024x682.webp\" class=\"attachment-large size-large wp-image-7213\" alt=\"\" srcset=\"https:\/\/chimelongpanda.com\/wp-content\/uploads\/2025\/12\/chimelongpandahotel-13-1024x682.webp 1024w, https:\/\/chimelongpanda.com\/wp-content\/uploads\/2025\/12\/chimelongpandahotel-13-300x200.webp 300w, https:\/\/chimelongpanda.com\/wp-content\/uploads\/2025\/12\/chimelongpandahotel-13-768x512.webp 768w, https:\/\/chimelongpanda.com\/wp-content\/uploads\/2025\/12\/chimelongpandahotel-13-18x12.webp 18w, https:\/\/chimelongpanda.com\/wp-content\/uploads\/2025\/12\/chimelongpandahotel-13.webp 1280w\" sizes=\"(max-width: 1024px) 100vw, 1024px\" \/>\t\t\t\t\t\t\t\t\t\t\t\t\t\t\t<\/div>\n\t\t\t\t\t<\/div>\n\t\t<\/div>\n\t\t\t\t\t<\/div>\n\t\t<\/section>\n\t\t\t\t<section class=\"elementor-section elementor-top-section elementor-element elementor-element-29fb8578 elementor-section-height-min-height elementor-section-stretched elementor-section-full_width elementor-section-items-stretch elementor-section-height-default elementor-section-column-vertical-align-stretch\" data-id=\"29fb8578\" data-element_type=\"section\" data-e-type=\"section\" data-settings=\"{&quot;stretch_section&quot;:&quot;section-stretched&quot;}\">\n\t\t\t\t\t\t<div class=\"elementor-container elementor-column-gap-no\">\n\t\t\t\t\t<div class=\"elementor-column elementor-col-50 elementor-top-column elementor-element elementor-element-40ac270b\" data-id=\"40ac270b\" data-element_type=\"column\" data-e-type=\"column\">\n\t\t\t<div class=\"elementor-widget-wrap elementor-element-populated\">\n\t\t\t\t\t\t<div class=\"elementor-element elementor-element-20872773 elementor-widget__width-initial elementor-widget-mobile__width-inherit elementor-invisible nuss-elementor-loading nuss-slide-in-right elementor-widget elementor-widget-image\" data-id=\"20872773\" data-element_type=\"widget\" data-e-type=\"widget\" data-settings=\"{&quot;_animation&quot;:&quot;nussSlideInRight&quot;}\" data-widget_type=\"image.default\">\n\t\t\t\t\t\t\t\t\t\t\t\t\t\t\t<img decoding=\"async\" width=\"1280\" height=\"853\" src=\"https:\/\/chimelongpanda.com\/wp-content\/uploads\/2025\/12\/chimelongpandahotel-32.webp\" class=\"attachment-full size-full wp-image-7232\" alt=\"\" srcset=\"https:\/\/chimelongpanda.com\/wp-content\/uploads\/2025\/12\/chimelongpandahotel-32.webp 1280w, https:\/\/chimelongpanda.com\/wp-content\/uploads\/2025\/12\/chimelongpandahotel-32-300x200.webp 300w, https:\/\/chimelongpanda.com\/wp-content\/uploads\/2025\/12\/chimelongpandahotel-32-1024x682.webp 1024w, https:\/\/chimelongpanda.com\/wp-content\/uploads\/2025\/12\/chimelongpandahotel-32-768x512.webp 768w, https:\/\/chimelongpanda.com\/wp-content\/uploads\/2025\/12\/chimelongpandahotel-32-18x12.webp 18w\" sizes=\"(max-width: 1280px) 100vw, 1280px\" \/>\t\t\t\t\t\t\t\t\t\t\t\t\t\t\t<\/div>\n\t\t\t\t\t<\/div>\n\t\t<\/div>\n\t\t\t\t<div class=\"elementor-column elementor-col-50 elementor-top-column elementor-element elementor-element-2dac103\" data-id=\"2dac103\" data-element_type=\"column\" data-e-type=\"column\">\n\t\t\t<div class=\"elementor-widget-wrap elementor-element-populated\">\n\t\t\t\t\t\t<div class=\"elementor-element elementor-element-6f1b8966 elementor-invisible elementor-widget elementor-widget-text-editor\" data-id=\"6f1b8966\" data-element_type=\"widget\" data-e-type=\"widget\" data-settings=\"{&quot;_animation&quot;:&quot;nussFadeInUp&quot;}\" data-widget_type=\"text-editor.default\">\n\t\t\t\t\t\t\t\t\t<p class=\"qwen-markdown-paragraph\"><span class=\"qwen-markdown-text\" data-spm-anchor-id=\"a2ty_o01.29997173.0.i25.37985171XzH3oI\">Das vom weltbekannten amerikanischen Architekturb\u00fcro WATG entworfene Hotel ist eine Hommage an die beliebten Chimelong-Panda-Drillinge und verwandelt jeden Winkel in ein m\u00e4rchenhaftes K\u00f6nigreich, in dem Fantasie und Komfort verschmelzen. Von der m\u00e4rchenhaften Fassade bis hin zu den interaktiven, panda-inspirierten Innenr\u00e4umen \u2013 mit Teekannenz\u00fcgen, Figurenskulpturen und Fotozonen \u2013 ist jedes Detail darauf ausgerichtet, G\u00e4sten jeden Alters Freude zu bereiten.<\/span><\/p><div class=\"qwen-markdown-space\">\u00a0<\/div><p class=\"qwen-markdown-paragraph\"><span class=\"qwen-markdown-text\">Das Hotel bietet nicht nur eine g\u00fcnstige Lage, sondern auch einen nahtlosen Zugang zu den Kronjuwelen von Chimelong: <\/span><strong class=\"qwen-markdown-strong\"><span class=\"qwen-markdown-text\">Chimelong Safari Park<\/span><\/strong><span class=\"qwen-markdown-text\">, <\/span><strong class=\"qwen-markdown-strong\"><span class=\"qwen-markdown-text\">Chimelong Happy World<\/span><\/strong><span class=\"qwen-markdown-text\">, <\/span><strong class=\"qwen-markdown-strong\"><span class=\"qwen-markdown-text\">Chimelong Internationaler Zirkus<\/span><\/strong><span class=\"qwen-markdown-text\">, Und <\/span><strong class=\"qwen-markdown-strong\"><span class=\"qwen-markdown-text\">Chimelong Wasserpark<\/span><\/strong><span class=\"qwen-markdown-text\">Alle Attraktionen sind \u00fcber private G\u00e4nge oder kostenlose Shuttlebusse miteinander verbunden. Stellen Sie sich vor, Sie wachen auf und beobachten Flamingos, die durch den Garten spazieren, genie\u00dfen Ihr Fr\u00fchst\u00fcck, w\u00e4hrend Sie stolzierende Pfauen bewundern, und besuchen anschlie\u00dfend direkt Pandas, Tiger und Achterbahnen \u2013 alles, ohne das Resort zu verlassen.<\/span><\/p><div class=\"qwen-markdown-space\">\u00a0<\/div><p class=\"qwen-markdown-paragraph\"><span class=\"qwen-markdown-text\">Mit 1.347 individuell gestalteten Zimmern \u2013 von gem\u00fctlichen Kuku Panda Suiten bis hin zu luxuri\u00f6sen Prince Suiten mit Butlerservice \u2013 bietet das Hotel f\u00fcr Familien, Paare und Alleinreisende gleicherma\u00dfen Charme, Komfort und unvergessliche Erlebnisse. G\u00e4ste schw\u00e4rmen von den liebevollen Details: Kinderbadem\u00e4ntel, pandaf\u00f6rmige Hausschuhe und sogar eigens eingerichtete \u201cSpielbereiche f\u00fcr Kinder\u201d mit Spielen und Aktivit\u00e4ten.<\/span><\/p>\t\t\t\t\t\t\t\t<\/div>\n\t\t\t\t\t<\/div>\n\t\t<\/div>\n\t\t\t\t\t<\/div>\n\t\t<\/section>\n\t\t\t\t<section class=\"elementor-section elementor-top-section elementor-element elementor-element-d15d8b2 elementor-section-height-min-height elementor-section-stretched elementor-section-full_width elementor-section-items-stretch elementor-section-height-default elementor-section-column-vertical-align-stretch\" data-id=\"d15d8b2\" data-element_type=\"section\" data-e-type=\"section\" data-settings=\"{&quot;stretch_section&quot;:&quot;section-stretched&quot;}\">\n\t\t\t\t\t\t<div class=\"elementor-container elementor-column-gap-no\">\n\t\t\t\t\t<div class=\"elementor-column elementor-col-50 elementor-top-column elementor-element elementor-element-1fd6524\" data-id=\"1fd6524\" data-element_type=\"column\" data-e-type=\"column\">\n\t\t\t<div class=\"elementor-widget-wrap elementor-element-populated\">\n\t\t\t\t\t\t<div class=\"elementor-element elementor-element-fa6f298 elementor-invisible elementor-widget elementor-widget-text-editor\" data-id=\"fa6f298\" data-element_type=\"widget\" data-e-type=\"widget\" data-settings=\"{&quot;_animation&quot;:&quot;nussFadeInUp&quot;}\" data-widget_type=\"text-editor.default\">\n\t\t\t\t\t\t\t\t\t<p class=\"qwen-markdown-paragraph\"><span class=\"qwen-markdown-text\" data-spm-anchor-id=\"a2ty_o01.29997173.0.i27.37985171XzH3oI\">Hier zu speisen ist ein Erlebnis f\u00fcr sich. Genie\u00dfen Sie internationale Buffets im Panda Restaurant, wo Kinder neben kost\u00fcmierten Figuren speisen k\u00f6nnen, oder entdecken Sie die Speisekarte \u201cPanda Bites &amp; Delights\u201d mit kreativen, kinderfreundlichen Gerichten, die selbst die w\u00e4hlerischsten Esser begeistern.<\/span><\/p><div class=\"qwen-markdown-space\">\u00a0<\/div><p class=\"qwen-markdown-paragraph\"><span class=\"qwen-markdown-text\" data-spm-anchor-id=\"a2ty_o01.29997173.0.i26.37985171XzH3oI\">Das Chimelong Panda Hotel, von \u00fcber 18.000 G\u00e4sten mit 9,3 von 10 Punkten bewertet, vereint au\u00dfergew\u00f6hnlichen Service, erstklassige Annehmlichkeiten (darunter kostenlose Parkpl\u00e4tze, 24-Stunden-Rezeption, Fitnessstudio und Kinderclub) mit einer un\u00fcbertroffenen Lage. Ob Sie einen mehrt\u00e4gigen Themenpark-Marathon planen oder einfach nur einen zauberhaften Kurzurlaub genie\u00dfen m\u00f6chten \u2013 dieses Hotel bietet Ihnen ein unvergleichliches Preis-Leistungs-Verh\u00e4ltnis, puren Zauber und h\u00f6chsten Komfort.<\/span><\/p><div class=\"qwen-markdown-space\">\u00a0<\/div><p class=\"qwen-markdown-paragraph\"><span class=\"qwen-markdown-text\">Buchen Sie Ihren Aufenthalt im Chimelong Panda Hotel \u2013 wo sich jeder Check-in anf\u00fchlt wie das Eintauchen in einen lebendigen Zeichentrickfilm und jeder Abflug Sie schon vom n\u00e4chsten Besuch in Guangzhous charmantestem und familienfreundlichstem Refugium tr\u00e4umen l\u00e4sst.<\/span><\/p>\t\t\t\t\t\t\t\t<\/div>\n\t\t\t\t\t<\/div>\n\t\t<\/div>\n\t\t\t\t<div class=\"elementor-column elementor-col-50 elementor-top-column elementor-element elementor-element-31decb4\" data-id=\"31decb4\" data-element_type=\"column\" data-e-type=\"column\">\n\t\t\t<div class=\"elementor-widget-wrap elementor-element-populated\">\n\t\t\t\t\t\t<div class=\"elementor-element elementor-element-049b2bc elementor-widget__width-initial elementor-widget-mobile__width-inherit elementor-invisible nuss-elementor-loading nuss-slide-in-right elementor-widget elementor-widget-image\" data-id=\"049b2bc\" data-element_type=\"widget\" data-e-type=\"widget\" data-settings=\"{&quot;_animation&quot;:&quot;nussSlideInRight&quot;}\" data-widget_type=\"image.default\">\n\t\t\t\t\t\t\t\t\t\t\t\t\t\t\t<img decoding=\"async\" width=\"1280\" height=\"853\" src=\"https:\/\/chimelongpanda.com\/wp-content\/uploads\/2025\/12\/chimelongpandahotel-20.webp\" class=\"attachment-full size-full wp-image-7220\" alt=\"\" srcset=\"https:\/\/chimelongpanda.com\/wp-content\/uploads\/2025\/12\/chimelongpandahotel-20.webp 1280w, https:\/\/chimelongpanda.com\/wp-content\/uploads\/2025\/12\/chimelongpandahotel-20-300x200.webp 300w, https:\/\/chimelongpanda.com\/wp-content\/uploads\/2025\/12\/chimelongpandahotel-20-1024x682.webp 1024w, https:\/\/chimelongpanda.com\/wp-content\/uploads\/2025\/12\/chimelongpandahotel-20-768x512.webp 768w, https:\/\/chimelongpanda.com\/wp-content\/uploads\/2025\/12\/chimelongpandahotel-20-18x12.webp 18w\" sizes=\"(max-width: 1280px) 100vw, 1280px\" \/>\t\t\t\t\t\t\t\t\t\t\t\t\t\t\t<\/div>\n\t\t\t\t\t<\/div>\n\t\t<\/div>\n\t\t\t\t\t<\/div>\n\t\t<\/section>\n\t\t\t\t<\/div>","protected":false},"excerpt":{"rendered":"<p>Step Into a Panda-Themed Wonderland: Welcome to Chimelong Panda Hotel, Guangzhou Nestled at the heart of China\u2019s most thrilling entertainment destination, Chimelong Panda Hotel invites you to experience luxury with a playful twist. Located inside the legendary Chimelong Tourist Resort on Panyu Avenue in Guangzhou, this 5-star family resort isn\u2019t just a place to rest\u2014it\u2019s [&hellip;]<\/p>\n","protected":false},"author":1,"featured_media":0,"parent":0,"menu_order":0,"comment_status":"closed","ping_status":"closed","template":"","meta":{"footnotes":""},"class_list":["post-5266","page","type-page","status-publish","hentry","post-no-thumbnail"],"_links":{"self":[{"href":"https:\/\/chimelongpanda.com\/de\/wp-json\/wp\/v2\/pages\/5266","targetHints":{"allow":["GET"]}}],"collection":[{"href":"https:\/\/chimelongpanda.com\/de\/wp-json\/wp\/v2\/pages"}],"about":[{"href":"https:\/\/chimelongpanda.com\/de\/wp-json\/wp\/v2\/types\/page"}],"author":[{"embeddable":true,"href":"https:\/\/chimelongpanda.com\/de\/wp-json\/wp\/v2\/users\/1"}],"replies":[{"embeddable":true,"href":"https:\/\/chimelongpanda.com\/de\/wp-json\/wp\/v2\/comments?post=5266"}],"version-history":[{"count":0,"href":"https:\/\/chimelongpanda.com\/de\/wp-json\/wp\/v2\/pages\/5266\/revisions"}],"wp:attachment":[{"href":"https:\/\/chimelongpanda.com\/de\/wp-json\/wp\/v2\/media?parent=5266"}],"curies":[{"name":"wp","href":"https:\/\/api.w.org\/{rel}","templated":true}]}}