{"id":2104,"date":"2021-03-23T09:33:48","date_gmt":"2021-03-23T09:33:48","guid":{"rendered":"http:\/\/localhost\/nuss\/?page_id=167"},"modified":"2025-12-18T14:12:33","modified_gmt":"2025-12-18T14:12:33","slug":"nuestra-historia","status":"publish","type":"page","link":"https:\/\/chimelongpanda.com\/es\/nuestra-historia\/","title":{"rendered":"Nuestra historia"},"content":{"rendered":"<div data-elementor-type=\"wp-page\" data-elementor-id=\"2104\" class=\"elementor elementor-2104\">\n\t\t\t\t\t\t<section class=\"elementor-section elementor-top-section elementor-element elementor-element-8f5bb9d elementor-section-boxed elementor-section-gap-beside-yes elementor-section-height-default elementor-section-height-default elementor-section-column-vertical-align-stretch\" data-id=\"8f5bb9d\" data-element_type=\"section\" data-e-type=\"section\">\n\t\t\t\t\t\t<div class=\"elementor-container elementor-column-gap-extended\">\n\t\t\t\t\t<div class=\"elementor-column elementor-col-100 elementor-top-column elementor-element elementor-element-7ec4215\" data-id=\"7ec4215\" data-element_type=\"column\" data-e-type=\"column\">\n\t\t\t<div class=\"elementor-widget-wrap elementor-element-populated\">\n\t\t\t\t\t\t<div class=\"elementor-element elementor-element-edd9d03 elementor-widget__width-initial elementor-invisible elementor-widget elementor-widget-text-editor\" data-id=\"edd9d03\" data-element_type=\"widget\" data-e-type=\"widget\" data-settings=\"{&quot;_animation&quot;:&quot;nussFadeInUp&quot;}\" data-widget_type=\"text-editor.default\">\n\t\t\t\t\t\t\t\t\t<p class=\"qwen-markdown-paragraph\"><strong class=\"qwen-markdown-strong\"><span class=\"qwen-markdown-text\" data-spm-anchor-id=\"a2ty_o01.29997173.0.i51.37985171XzH3oI\">Nuestra historia: Donde los pandas, los sue\u00f1os y el dise\u00f1o se fusionan: el m\u00e1gico nacimiento del Chimelong Panda Hotel<\/span><\/strong><\/p>\t\t\t\t\t\t\t\t<\/div>\n\t\t\t\t\t<\/div>\n\t\t<\/div>\n\t\t\t\t\t<\/div>\n\t\t<\/section>\n\t\t<div class=\"elementor-element elementor-element-ae7e42f e-flex e-con-boxed e-con e-parent\" data-id=\"ae7e42f\" data-element_type=\"container\" data-e-type=\"container\">\n\t\t\t\t\t<div class=\"e-con-inner\">\n\t\t\t\t<div class=\"elementor-element elementor-element-136c3a3 elementor-widget elementor-widget-text-editor\" data-id=\"136c3a3\" data-element_type=\"widget\" data-e-type=\"widget\" data-widget_type=\"text-editor.default\">\n\t\t\t\t\t\t\t\t\t<p class=\"qwen-markdown-paragraph\"><span class=\"qwen-markdown-text\">En el coraz\u00f3n del distrito Panyu de Guangzhou, ubicado dentro del extenso pa\u00eds de las maravillas de <\/span><strong class=\"qwen-markdown-strong\"><span class=\"qwen-markdown-text\">Complejo tur\u00edstico de Chimelong<\/span><\/strong><span class=\"qwen-markdown-text\">, se encuentra un hotel diferente a cualquier otro, no solo por sus extravagantes motivos de panda o su proximidad a parques tem\u00e1ticos mundialmente famosos, sino por la <\/span><strong class=\"qwen-markdown-strong\"><span class=\"qwen-markdown-text\">Visi\u00f3n audaz, coraje creativo y narraci\u00f3n emotiva<\/span><\/strong><span class=\"qwen-markdown-text\"> que le dio vida. Esta es la historia de <\/span><strong class=\"qwen-markdown-strong\"><span class=\"qwen-markdown-text\">Hotel Panda de Chimelong<\/span><\/strong><span class=\"qwen-markdown-text\"> \u2014 un lugar donde la nostalgia de la infancia se encuentra con la hospitalidad de lujo, donde la arquitectura se vuelve narrativa y donde cada hu\u00e9sped se convierte en parte de un cuento de hadas en desarrollo.<\/span><\/p><div class=\"qwen-markdown-hr\"><hr \/><\/div><div class=\"qwen-markdown-space\">\u00a0<\/div><h3 class=\"qwen-markdown-heading\"><span class=\"qwen-markdown-text\">\ud83d\udc3c Un sue\u00f1o nacido de tres peque\u00f1os pandas<\/span><\/h3><p class=\"qwen-markdown-paragraph\"><span class=\"qwen-markdown-text\">Todo comenz\u00f3 con tres adorables cachorros: <\/span><strong class=\"qwen-markdown-strong\"><span class=\"qwen-markdown-text\">Kuku, Huanhuan y Lele<\/span><\/strong><span class=\"qwen-markdown-text\"> \u2014 Los queridos trillizos pandas nacidos en el Parque Safari Chimelong en 2014. Sus travesuras juguetonas, miradas curiosas y encanto irresistible cautivaron a millones de personas en China y m\u00e1s all\u00e1. Con el aumento de su popularidad, el Grupo Chimelong se dio cuenta de que estos pandas no eran solo animales: eran embajadores de la alegr\u00eda, s\u00edmbolos de la conservaci\u00f3n y personajes listos para su propio gran escenario.<\/span><\/p><p class=\"qwen-markdown-paragraph\"><span class=\"qwen-markdown-text\">As\u00ed que, en 2017, se tom\u00f3 la decisi\u00f3n: construir un hotel que no s\u00f3lo... <\/span><em><span class=\"qwen-markdown-text\">caracter\u00edstica<\/span><\/em><span class=\"qwen-markdown-text\"> pandas \u2014 pero <\/span><em><span class=\"qwen-markdown-text\">vivido<\/span><\/em><span class=\"qwen-markdown-text\"> Un resort donde los hu\u00e9spedes pod\u00edan adentrarse en el mundo de los pandas, dormir en sus suites tem\u00e1ticas, cenar junto a los flamencos y despertarse con la vista de los pavos reales pavone\u00e1ndose por el vest\u00edbulo. Y as\u00ed, el sue\u00f1o de... <\/span><strong class=\"qwen-markdown-strong\"><span class=\"qwen-markdown-text\">Hotel Panda de Chimelong<\/span><\/strong><span class=\"qwen-markdown-text\"> naci\u00f3.<\/span><\/p><div class=\"qwen-markdown-hr\"><hr \/><\/div><div class=\"qwen-markdown-space\">\u00a0<\/div><h3 class=\"qwen-markdown-heading\"><span class=\"qwen-markdown-text\">\ud83c\udfd7\ufe0f Dise\u00f1ado por visionarios, creado para la magia<\/span><\/h3><p class=\"qwen-markdown-paragraph\"><span class=\"qwen-markdown-text\">Para darle vida a esta fantas\u00eda, Chimelong se asoci\u00f3 con <\/span><strong class=\"qwen-markdown-strong\"><span class=\"qwen-markdown-text\">WATG (Wimberly Allison Tong y Goo)<\/span><\/strong><span class=\"qwen-markdown-text\"> \u2014 una de las firmas de dise\u00f1o hotelero m\u00e1s respetadas del mundo, conocida por crear resorts legendarios como Atlantis Dubai y los hoteles de Universal Orlando. WATG no solo dise\u00f1\u00f3 habitaciones; dise\u00f1\u00f3 experiencias.<\/span><\/p><p class=\"qwen-markdown-paragraph\"><span class=\"qwen-markdown-text\">Desde el momento en que entras en la <\/span><strong class=\"qwen-markdown-strong\"><span class=\"qwen-markdown-text\">Vest\u00edbulo con tem\u00e1tica de panda<\/span><\/strong><span class=\"qwen-markdown-text\">, Te transportas. Trenes gigantes con teteras flotan sobre el aire, esculturas de pandas se asoman tras los \u00e1rboles e instalaciones interactivas invitan a los visitantes a alimentar pandas virtuales o a tomarse selfis con personajes disfrazados. La arquitectura en s\u00ed misma cuenta una historia: los tejados curvos imitan colinas ondulantes, los patios est\u00e1n repletos de flora aut\u00f3ctona y las paredes de cristal enmarcan las vistas de animales en libertad, difuminando la l\u00ednea entre lo natural y lo cuidado.<\/span><\/p><p class=\"qwen-markdown-paragraph\"><span class=\"qwen-markdown-text\">El hotel <\/span><strong class=\"qwen-markdown-strong\"><span class=\"qwen-markdown-text\">1.347 habitaciones<\/span><\/strong><span class=\"qwen-markdown-text\"> No son solo alojamientos, sino cap\u00edtulos de una narrativa m\u00e1s amplia. Cada suite, desde la acogedora Habitaci\u00f3n Kuku Panda hasta la lujosa Suite Prince, est\u00e1 meticulosamente ambientada, con muebles a medida, efectos de iluminaci\u00f3n e incluso paisajes sonoros que evocan el suave susurro de los bosques de bamb\u00fa. Incluso los ascensores reproducen historias animadas de pandas mientras se asciende.<\/span><\/p><div class=\"qwen-markdown-hr\"><hr \/><\/div><div class=\"qwen-markdown-space\">\u00a0<\/div><h3 class=\"qwen-markdown-heading\"><span class=\"qwen-markdown-text\">\ud83c\udf3f M\u00e1s que un hotel: un ecosistema vivo<\/span><\/h3><p class=\"qwen-markdown-paragraph\"><span class=\"qwen-markdown-text\">Lo que realmente distingue al Chimelong Panda Hotel es su integraci\u00f3n con el mundo natural. A diferencia de los hoteles tem\u00e1ticos t\u00edpicos, esta propiedad no solo... <\/span><em><span class=\"qwen-markdown-text\">representar<\/span><\/em><span class=\"qwen-markdown-text\"> vida silvestre \u2014 es <\/span><em><span class=\"qwen-markdown-text\">anfitriones<\/span><\/em><span class=\"qwen-markdown-text\"> Los flamencos chapotean en tranquilos estanques, los pavos reales se pavonean por los senderos del jard\u00edn, los l\u00e9mures saltan entre los \u00e1rboles y los loros parlotean en lo alto. Los visitantes no solo observan a los animales, sino que comparten el espacio con ellos, creando momentos espont\u00e1neos de asombro que ning\u00fan folleto puede capturar.<\/span><\/p><p class=\"qwen-markdown-paragraph\"><span class=\"qwen-markdown-text\">Este ecosistema vivo fue intencional. Los fundadores de Chimelong cre\u00edan que la verdadera magia surge cuando los hu\u00e9spedes se sienten inmersos, no entretenidos. Cuando tu hijo se queda boquiabierto al ver un flamenco pisar el patio del desayuno, o cuando tomas un caf\u00e9 mientras ves a los ibis deslizarse sobre la fuente, no solo est\u00e1s visitando un hotel: te est\u00e1s convirtiendo en parte de su esencia.<\/span><\/p><div class=\"qwen-markdown-space\">\u00a0<\/div><div class=\"qwen-markdown-hr\"><hr \/><\/div><div class=\"qwen-markdown-space\">\u00a0<\/div><h3 class=\"qwen-markdown-heading\"><span class=\"qwen-markdown-text\">\ud83d\udca1 La innovaci\u00f3n se une al coraz\u00f3n: la revoluci\u00f3n de la experiencia del hu\u00e9sped<\/span><\/h3><p class=\"qwen-markdown-paragraph\"><span class=\"qwen-markdown-text\">Tras bastidores, el hotel redefini\u00f3 el concepto de &quot;familiar&quot;. Cada detalle fue dise\u00f1ado para la comodidad, la conveniencia y el deleite:<\/span><\/p><ul class=\"qwen-markdown-list\" dir=\"auto\"><li><span class=\"qwen-markdown-text\"><strong class=\"qwen-markdown-strong\">Dise\u00f1o centrado en el ni\u00f1o<\/strong>:Albornoces peque\u00f1os, pantuflas con forma de panda, anillos para asientos de inodoro, kits de actividades y zonas exclusivas para ni\u00f1os garantizan que los m\u00e1s peque\u00f1os se sientan vistos y celebrados.<\/span><\/li><li><span class=\"qwen-markdown-text\"><strong class=\"qwen-markdown-strong\">Acceso sin inconvenientes al parque<\/strong>:Los corredores directos a Chimelong Happy World y al Circo Internacional, adem\u00e1s de autobuses gratuitos al Safari Park y al Parque Acu\u00e1tico, eliminan el estr\u00e9s log\u00edstico.<\/span><\/li><li><span class=\"qwen-markdown-text\"><strong class=\"qwen-markdown-strong\">Aventuras culinarias<\/strong>Desde buf\u00e9s de desayuno con panqueques con forma de panda hasta men\u00fas de cena inspirados en cocinas globales, cenar aqu\u00ed es un evento, no solo una comida.<\/span><\/li><li><span class=\"qwen-markdown-text\"><strong class=\"qwen-markdown-strong\">Servicio con Alma<\/strong>Personal capacitado no solo en hospitalidad, sino tambi\u00e9n en narraci\u00f3n de historias. Saludan a los ni\u00f1os por su nombre, ayudan a las familias a planificar sus d\u00edas en el parque e incluso sorprenden a los visitantes con detalles personalizados, como dejar un panda de peluche en la almohada u organizar encuentros privados con animales.<\/span><\/li><\/ul><div class=\"qwen-markdown-space\">\u00a0<\/div><div class=\"qwen-markdown-hr\"><hr \/><\/div><div class=\"qwen-markdown-space\">\u00a0<\/div><h3 class=\"qwen-markdown-heading\"><span class=\"qwen-markdown-text\">Un reconocimiento que dice mucho<\/span><\/h3><p class=\"qwen-markdown-paragraph\"><span class=\"qwen-markdown-text\">Desde su apertura, el Chimelong Panda Hotel ha recibido elogios que van mucho m\u00e1s all\u00e1 de su divertido exterior:<\/span><\/p><p class=\"qwen-markdown-paragraph\"><span class=\"qwen-markdown-text\">\u2705 Clasificado entre los mejores de Trip.com <\/span><strong class=\"qwen-markdown-strong\"><span class=\"qwen-markdown-text\">\u201cGlobal 100 \u2013 Hoteles Familiares\u201d<\/span><\/strong><br \/><span class=\"qwen-markdown-text\">\u2705 Calificaci\u00f3n constante <\/span><strong class=\"qwen-markdown-strong\"><span class=\"qwen-markdown-text\">9.3\/10+<\/span><\/strong><span class=\"qwen-markdown-text\"> en Trip.com y TripAdvisor<\/span><br \/><span class=\"qwen-markdown-text\">\u2705 Destacado en publicaciones de viajes internacionales como <\/span><strong class=\"qwen-markdown-strong\"><span class=\"qwen-markdown-text\">\u201cUno de los hoteles m\u00e1s singulares de Asia\u201d<\/span><\/strong><br \/><span class=\"qwen-markdown-text\">\u2705 Reconocidos por la innovaci\u00f3n en <\/span><strong class=\"qwen-markdown-strong\"><span class=\"qwen-markdown-text\">dise\u00f1o de hospitalidad basado en temas<\/span><\/strong><\/p><p class=\"qwen-markdown-paragraph\"><span class=\"qwen-markdown-text\">Pero quiz\u00e1s la mayor validaci\u00f3n viene de los propios hu\u00e9spedes: padres que dicen que sus hijos todav\u00eda hablan del hotel a\u00f1os despu\u00e9s, parejas que regresan para aniversarios y viajeros solitarios que descubrieron una alegr\u00eda inesperada en medio del caos de los pandas.<\/span><\/p><div class=\"qwen-markdown-hr\"><hr \/><\/div><div class=\"qwen-markdown-space\">\u00a0<\/div><h3 class=\"qwen-markdown-heading\"><span class=\"qwen-markdown-text\">\u2764\ufe0f Nuestra promesa: hacer de cada estancia un recuerdo<\/span><\/h3><p class=\"qwen-markdown-paragraph\"><span class=\"qwen-markdown-text\">En el Hotel Chimelong Panda, creemos que viajar debe ser m\u00e1s que simplemente hacer turismo: debe ser una experiencia conmovedora. No solo ofrecemos habitaciones; ofrecemos aventuras. No solo servimos comidas; creamos momentos. No solo recibimos a nuestros hu\u00e9spedes; los invitamos a formar parte de nuestra historia.<\/span><\/p><p class=\"qwen-markdown-paragraph\"><span class=\"qwen-markdown-text\">Y ahora, te invitamos <\/span><strong class=\"qwen-markdown-strong\"><span class=\"qwen-markdown-text\">t\u00fa<\/span><\/strong><span class=\"qwen-markdown-text\"> para formar parte de ello.<\/span><\/p><p class=\"qwen-markdown-paragraph\"><span class=\"qwen-markdown-text\">Ya sea que est\u00e9s celebrando un cumplea\u00f1os, escapando de lo com\u00fan o simplemente redescubriendo la magia de la infancia, ven a escribir tu pr\u00f3ximo cap\u00edtulo con nosotros. Deja que los pandas te gu\u00eden, los flamencos te den una serenata y las risas de tus seres queridos resuenen en nuestros pasillos.<\/span><\/p><p class=\"qwen-markdown-paragraph\"><span class=\"qwen-markdown-text\">Porque en el Hotel Chimelong Panda, <\/span><strong class=\"qwen-markdown-strong\"><span class=\"qwen-markdown-text\">Tu historia comienza en el momento en que llegas y contin\u00faa mucho despu\u00e9s de que te vas.<\/span><\/strong><\/p><div class=\"qwen-markdown-space\">\u00a0<\/div><p class=\"qwen-markdown-paragraph\" data-spm-anchor-id=\"a2ty_o01.29997173.0.i49.37985171XzH3oI\"><span class=\"qwen-markdown-text\">Bienvenido a casa a la maravilla. \ud83d\udc3c\u2728<\/span><\/p>\t\t\t\t\t\t\t\t<\/div>\n\t\t\t\t\t<\/div>\n\t\t\t\t<\/div>\n\t\t\t\t<\/div>","protected":false},"excerpt":{"rendered":"<p>Our Story: Where Pandas, Dreams, and Design Collide \u2014 The Magical Birth of Chimelong Panda Hotel In the heart of Guangzhou\u2019s Panyu District, nestled within the sprawling wonderland of Chimelong Tourist Resort, stands a hotel unlike any other \u2014 not just because of its whimsical panda motifs or its proximity to world-famous theme parks, but [&hellip;]<\/p>\n","protected":false},"author":1,"featured_media":0,"parent":0,"menu_order":0,"comment_status":"closed","ping_status":"closed","template":"","meta":{"footnotes":""},"class_list":["post-2104","page","type-page","status-publish","hentry","post-no-thumbnail"],"_links":{"self":[{"href":"https:\/\/chimelongpanda.com\/es\/wp-json\/wp\/v2\/pages\/2104","targetHints":{"allow":["GET"]}}],"collection":[{"href":"https:\/\/chimelongpanda.com\/es\/wp-json\/wp\/v2\/pages"}],"about":[{"href":"https:\/\/chimelongpanda.com\/es\/wp-json\/wp\/v2\/types\/page"}],"author":[{"embeddable":true,"href":"https:\/\/chimelongpanda.com\/es\/wp-json\/wp\/v2\/users\/1"}],"replies":[{"embeddable":true,"href":"https:\/\/chimelongpanda.com\/es\/wp-json\/wp\/v2\/comments?post=2104"}],"version-history":[{"count":0,"href":"https:\/\/chimelongpanda.com\/es\/wp-json\/wp\/v2\/pages\/2104\/revisions"}],"wp:attachment":[{"href":"https:\/\/chimelongpanda.com\/es\/wp-json\/wp\/v2\/media?parent=2104"}],"curies":[{"name":"wp","href":"https:\/\/api.w.org\/{rel}","templated":true}]}}