{"id":5266,"date":"2021-07-18T08:03:35","date_gmt":"2021-07-18T08:03:35","guid":{"rendered":"https:\/\/nuss.uxper.co\/luxury-resort\/?page_id=5266"},"modified":"2025-12-18T12:08:26","modified_gmt":"2025-12-18T12:08:26","slug":"a-propos-de-nous","status":"publish","type":"page","link":"https:\/\/chimelongpanda.com\/fr\/a-propos-de-nous\/","title":{"rendered":"\u00c0 propos de nous"},"content":{"rendered":"<div data-elementor-type=\"wp-page\" data-elementor-id=\"5266\" class=\"elementor elementor-5266\">\n\t\t\t\t\t\t<section class=\"elementor-section elementor-top-section elementor-element elementor-element-10416953 elementor-section-boxed elementor-section-gap-beside-yes elementor-section-height-default elementor-section-height-default elementor-section-column-vertical-align-stretch\" data-id=\"10416953\" data-element_type=\"section\" data-e-type=\"section\">\n\t\t\t\t\t\t<div class=\"elementor-container elementor-column-gap-extended\">\n\t\t\t\t\t<div class=\"elementor-column elementor-col-100 elementor-top-column elementor-element elementor-element-29c6aa8\" data-id=\"29c6aa8\" data-element_type=\"column\" data-e-type=\"column\">\n\t\t\t<div class=\"elementor-widget-wrap elementor-element-populated\">\n\t\t\t\t\t\t<div class=\"elementor-element elementor-element-7be18fe7 elementor-widget__width-initial elementor-invisible elementor-widget elementor-widget-text-editor\" data-id=\"7be18fe7\" data-element_type=\"widget\" data-e-type=\"widget\" data-settings=\"{&quot;_animation&quot;:&quot;nussFadeInUp&quot;}\" data-widget_type=\"text-editor.default\">\n\t\t\t\t\t\t\t\t\t<div class=\"svelte-1c06zsf\" data-lang-code=\"\"><p class=\"qwen-markdown-paragraph\"><strong class=\"qwen-markdown-strong\"><span class=\"qwen-markdown-text\" data-spm-anchor-id=\"a2ty_o01.29997173.0.i23.37985171XzH3oI\">Plongez dans un univers f\u00e9\u00e9rique sur le th\u00e8me des pandas\u00a0: Bienvenue \u00e0 l\u2019h\u00f4tel Chimelong Panda de Guangzhou<\/span><\/strong><\/p><\/div>\t\t\t\t\t\t\t\t<\/div>\n\t\t\t\t\t<\/div>\n\t\t<\/div>\n\t\t\t\t\t<\/div>\n\t\t<\/section>\n\t\t\t\t<section class=\"elementor-section elementor-top-section elementor-element elementor-element-7d18327f elementor-section-boxed elementor-section-gap-beside-yes elementor-section-height-default elementor-section-height-default elementor-section-column-vertical-align-stretch\" data-id=\"7d18327f\" data-element_type=\"section\" data-e-type=\"section\">\n\t\t\t\t\t\t<div class=\"elementor-container elementor-column-gap-extended\">\n\t\t\t\t\t<div class=\"elementor-column elementor-col-50 elementor-top-column elementor-element elementor-element-56533670\" data-id=\"56533670\" data-element_type=\"column\" data-e-type=\"column\">\n\t\t\t<div class=\"elementor-widget-wrap elementor-element-populated\">\n\t\t\t\t\t\t<div class=\"elementor-element elementor-element-19c3f543 elementor-drop-cap-yes elementor-drop-cap-view-default elementor-invisible elementor-widget elementor-widget-text-editor\" data-id=\"19c3f543\" data-element_type=\"widget\" data-e-type=\"widget\" data-settings=\"{&quot;_animation&quot;:&quot;nussFadeInUp&quot;,&quot;drop_cap&quot;:&quot;yes&quot;}\" data-widget_type=\"text-editor.default\">\n\t\t\t\t\t\t\t\t\t<p class=\"qwen-markdown-paragraph\"><span class=\"qwen-markdown-text\">Nich\u00e9 au c\u0153ur de la destination de divertissement la plus palpitante de Chine, <\/span><strong class=\"qwen-markdown-strong\"><span class=\"qwen-markdown-text\">H\u00f4tel Chimelong Panda<\/span><\/strong><span class=\"qwen-markdown-text\"> vous invite \u00e0 vivre le luxe avec une touche ludique. Situ\u00e9 au sein du l\u00e9gendaire <\/span><strong class=\"qwen-markdown-strong\"><span class=\"qwen-markdown-text\">Station touristique de Chimelong<\/span><\/strong><span class=\"qwen-markdown-text\"> Situ\u00e9 sur l&#039;avenue Panyu \u00e0 Guangzhou, ce complexe h\u00f4telier familial 5 \u00e9toiles n&#039;est pas seulement un lieu de repos, c&#039;est une aventure immersive qui commence d\u00e8s que vous franchissez ses portes fantaisistes.<\/span><\/p>\t\t\t\t\t\t\t\t<\/div>\n\t\t\t\t\t<\/div>\n\t\t<\/div>\n\t\t\t\t<div class=\"elementor-column elementor-col-50 elementor-top-column elementor-element elementor-element-30f14127\" data-id=\"30f14127\" data-element_type=\"column\" data-e-type=\"column\">\n\t\t\t<div class=\"elementor-widget-wrap elementor-element-populated\">\n\t\t\t\t\t\t<div class=\"elementor-element elementor-element-59aea08 elementor-widget elementor-widget-image\" data-id=\"59aea08\" data-element_type=\"widget\" data-e-type=\"widget\" data-widget_type=\"image.default\">\n\t\t\t\t\t\t\t\t\t\t\t\t\t\t\t<img fetchpriority=\"high\" decoding=\"async\" width=\"1024\" height=\"682\" src=\"https:\/\/chimelongpanda.com\/wp-content\/uploads\/2025\/12\/chimelongpandahotel-13-1024x682.webp\" class=\"attachment-large size-large wp-image-7213\" alt=\"\" srcset=\"https:\/\/chimelongpanda.com\/wp-content\/uploads\/2025\/12\/chimelongpandahotel-13-1024x682.webp 1024w, https:\/\/chimelongpanda.com\/wp-content\/uploads\/2025\/12\/chimelongpandahotel-13-300x200.webp 300w, https:\/\/chimelongpanda.com\/wp-content\/uploads\/2025\/12\/chimelongpandahotel-13-768x512.webp 768w, https:\/\/chimelongpanda.com\/wp-content\/uploads\/2025\/12\/chimelongpandahotel-13-18x12.webp 18w, https:\/\/chimelongpanda.com\/wp-content\/uploads\/2025\/12\/chimelongpandahotel-13.webp 1280w\" sizes=\"(max-width: 1024px) 100vw, 1024px\" \/>\t\t\t\t\t\t\t\t\t\t\t\t\t\t\t<\/div>\n\t\t\t\t\t<\/div>\n\t\t<\/div>\n\t\t\t\t\t<\/div>\n\t\t<\/section>\n\t\t\t\t<section class=\"elementor-section elementor-top-section elementor-element elementor-element-29fb8578 elementor-section-height-min-height elementor-section-stretched elementor-section-full_width elementor-section-items-stretch elementor-section-height-default elementor-section-column-vertical-align-stretch\" data-id=\"29fb8578\" data-element_type=\"section\" data-e-type=\"section\" data-settings=\"{&quot;stretch_section&quot;:&quot;section-stretched&quot;}\">\n\t\t\t\t\t\t<div class=\"elementor-container elementor-column-gap-no\">\n\t\t\t\t\t<div class=\"elementor-column elementor-col-50 elementor-top-column elementor-element elementor-element-40ac270b\" data-id=\"40ac270b\" data-element_type=\"column\" data-e-type=\"column\">\n\t\t\t<div class=\"elementor-widget-wrap elementor-element-populated\">\n\t\t\t\t\t\t<div class=\"elementor-element elementor-element-20872773 elementor-widget__width-initial elementor-widget-mobile__width-inherit elementor-invisible nuss-elementor-loading nuss-slide-in-right elementor-widget elementor-widget-image\" data-id=\"20872773\" data-element_type=\"widget\" data-e-type=\"widget\" data-settings=\"{&quot;_animation&quot;:&quot;nussSlideInRight&quot;}\" data-widget_type=\"image.default\">\n\t\t\t\t\t\t\t\t\t\t\t\t\t\t\t<img decoding=\"async\" width=\"1280\" height=\"853\" src=\"https:\/\/chimelongpanda.com\/wp-content\/uploads\/2025\/12\/chimelongpandahotel-32.webp\" class=\"attachment-full size-full wp-image-7232\" alt=\"\" srcset=\"https:\/\/chimelongpanda.com\/wp-content\/uploads\/2025\/12\/chimelongpandahotel-32.webp 1280w, https:\/\/chimelongpanda.com\/wp-content\/uploads\/2025\/12\/chimelongpandahotel-32-300x200.webp 300w, https:\/\/chimelongpanda.com\/wp-content\/uploads\/2025\/12\/chimelongpandahotel-32-1024x682.webp 1024w, https:\/\/chimelongpanda.com\/wp-content\/uploads\/2025\/12\/chimelongpandahotel-32-768x512.webp 768w, https:\/\/chimelongpanda.com\/wp-content\/uploads\/2025\/12\/chimelongpandahotel-32-18x12.webp 18w\" sizes=\"(max-width: 1280px) 100vw, 1280px\" \/>\t\t\t\t\t\t\t\t\t\t\t\t\t\t\t<\/div>\n\t\t\t\t\t<\/div>\n\t\t<\/div>\n\t\t\t\t<div class=\"elementor-column elementor-col-50 elementor-top-column elementor-element elementor-element-2dac103\" data-id=\"2dac103\" data-element_type=\"column\" data-e-type=\"column\">\n\t\t\t<div class=\"elementor-widget-wrap elementor-element-populated\">\n\t\t\t\t\t\t<div class=\"elementor-element elementor-element-6f1b8966 elementor-invisible elementor-widget elementor-widget-text-editor\" data-id=\"6f1b8966\" data-element_type=\"widget\" data-e-type=\"widget\" data-settings=\"{&quot;_animation&quot;:&quot;nussFadeInUp&quot;}\" data-widget_type=\"text-editor.default\">\n\t\t\t\t\t\t\t\t\t<p class=\"qwen-markdown-paragraph\"><span class=\"qwen-markdown-text\" data-spm-anchor-id=\"a2ty_o01.29997173.0.i25.37985171XzH3oI\">Con\u00e7u par le cabinet d&#039;architectes am\u00e9ricain de renomm\u00e9e mondiale WATG, cet h\u00f4tel est un vibrant hommage aux adorables tripl\u00e9s Chimelong Panda, transformant chaque recoin en un royaume f\u00e9erique o\u00f9 le confort se conjugue \u00e0 la fantaisie. De sa fa\u00e7ade inspir\u00e9e des contes de f\u00e9es \u00e0 ses int\u00e9rieurs interactifs sur le th\u00e8me des pandas \u2013 avec ses petits trains en forme de th\u00e9i\u00e8re, ses sculptures de personnages et ses espaces photos \u2013, chaque d\u00e9tail est pens\u00e9 pour \u00e9merveiller les clients de tous \u00e2ges.<\/span><\/p><div class=\"qwen-markdown-space\">\u00a0<\/div><p class=\"qwen-markdown-paragraph\"><span class=\"qwen-markdown-text\">Bien plus qu&#039;une simple proximit\u00e9, l&#039;h\u00f4tel offre un acc\u00e8s direct aux joyaux de Chimelong\u00a0: <\/span><strong class=\"qwen-markdown-strong\"><span class=\"qwen-markdown-text\">Parc safari de Chimelong<\/span><\/strong><span class=\"qwen-markdown-text\">, <\/span><strong class=\"qwen-markdown-strong\"><span class=\"qwen-markdown-text\">Chimelong Happy World<\/span><\/strong><span class=\"qwen-markdown-text\">, <\/span><strong class=\"qwen-markdown-strong\"><span class=\"qwen-markdown-text\">Cirque international Chimelong<\/span><\/strong><span class=\"qwen-markdown-text\">, et <\/span><strong class=\"qwen-markdown-strong\"><span class=\"qwen-markdown-text\">Parc aquatique Chimelong<\/span><\/strong><span class=\"qwen-markdown-text\">Tous ces espaces sont reli\u00e9s par des couloirs priv\u00e9s ou des navettes gratuites. Imaginez-vous vous r\u00e9veiller au milieu des flamants roses se promenant dans le jardin, prendre votre petit-d\u00e9jeuner en admirant les paons se pavaner, puis partir directement \u00e0 la rencontre des pandas, des tigres et des montagnes russes, le tout sans quitter le complexe h\u00f4telier.<\/span><\/p><div class=\"qwen-markdown-space\">\u00a0<\/div><p class=\"qwen-markdown-paragraph\"><span class=\"qwen-markdown-text\">Avec ses 1\u00a0347 chambres \u00e0 th\u00e8me uniques \u2013 des suites Kuku Panda douillettes aux luxueuses suites Prince avec service de majordome \u2013, l\u2019h\u00f4tel accueille familles, couples et voyageurs solitaires en qu\u00eate de charme, de confort et de souvenirs inoubliables. Les clients appr\u00e9cient particuli\u00e8rement les petites attentions\u00a0: peignoirs pour enfants, chaussons en forme de panda et m\u00eame des \u201c\u00a0couloirs ludiques\u00a0\u201d d\u00e9di\u00e9s aux enfants, remplis de jeux et d\u2019activit\u00e9s.<\/span><\/p>\t\t\t\t\t\t\t\t<\/div>\n\t\t\t\t\t<\/div>\n\t\t<\/div>\n\t\t\t\t\t<\/div>\n\t\t<\/section>\n\t\t\t\t<section class=\"elementor-section elementor-top-section elementor-element elementor-element-d15d8b2 elementor-section-height-min-height elementor-section-stretched elementor-section-full_width elementor-section-items-stretch elementor-section-height-default elementor-section-column-vertical-align-stretch\" data-id=\"d15d8b2\" data-element_type=\"section\" data-e-type=\"section\" data-settings=\"{&quot;stretch_section&quot;:&quot;section-stretched&quot;}\">\n\t\t\t\t\t\t<div class=\"elementor-container elementor-column-gap-no\">\n\t\t\t\t\t<div class=\"elementor-column elementor-col-50 elementor-top-column elementor-element elementor-element-1fd6524\" data-id=\"1fd6524\" data-element_type=\"column\" data-e-type=\"column\">\n\t\t\t<div class=\"elementor-widget-wrap elementor-element-populated\">\n\t\t\t\t\t\t<div class=\"elementor-element elementor-element-fa6f298 elementor-invisible elementor-widget elementor-widget-text-editor\" data-id=\"fa6f298\" data-element_type=\"widget\" data-e-type=\"widget\" data-settings=\"{&quot;_animation&quot;:&quot;nussFadeInUp&quot;}\" data-widget_type=\"text-editor.default\">\n\t\t\t\t\t\t\t\t\t<p class=\"qwen-markdown-paragraph\"><span class=\"qwen-markdown-text\" data-spm-anchor-id=\"a2ty_o01.29997173.0.i27.37985171XzH3oI\">D\u00eener ici est une exp\u00e9rience \u00e0 part enti\u00e8re. Savourez les buffets internationaux du restaurant Panda, o\u00f9 les enfants peuvent d\u00eener en compagnie de personnages costum\u00e9s, ou d\u00e9couvrez le menu \u201c\u00a0Panda Bites &amp; Delights\u00a0\u201d proposant des plats cr\u00e9atifs et adapt\u00e9s aux enfants qui raviront m\u00eame les plus difficiles.<\/span><\/p><div class=\"qwen-markdown-space\">\u00a0<\/div><p class=\"qwen-markdown-paragraph\"><span class=\"qwen-markdown-text\" data-spm-anchor-id=\"a2ty_o01.29997173.0.i26.37985171XzH3oI\">Not\u00e9 9,3\/10 par plus de 18\u00a0000 clients, le Chimelong Panda Hotel allie un service exceptionnel, des prestations haut de gamme (parking gratuit, r\u00e9ception ouverte 24h\/24, salle de sport et club enfants) et une situation g\u00e9ographique id\u00e9ale. Que vous planifiez un marathon de plusieurs jours dans un parc d&#039;attractions ou que vous souhaitiez simplement vous offrir un s\u00e9jour magique, cet h\u00f4tel vous garantit un excellent rapport qualit\u00e9-prix, un cadre enchanteur et un confort optimal.<\/span><\/p><div class=\"qwen-markdown-space\">\u00a0<\/div><p class=\"qwen-markdown-paragraph\"><span class=\"qwen-markdown-text\">R\u00e9servez votre s\u00e9jour au Chimelong Panda Hotel, o\u00f9 chaque arriv\u00e9e donne l&#039;impression d&#039;entrer dans un dessin anim\u00e9 vivant, et o\u00f9 chaque d\u00e9part vous laisse d\u00e9j\u00e0 r\u00eaver de votre prochaine visite dans le sanctuaire familial le plus charmant de Guangzhou.<\/span><\/p>\t\t\t\t\t\t\t\t<\/div>\n\t\t\t\t\t<\/div>\n\t\t<\/div>\n\t\t\t\t<div class=\"elementor-column elementor-col-50 elementor-top-column elementor-element elementor-element-31decb4\" data-id=\"31decb4\" data-element_type=\"column\" data-e-type=\"column\">\n\t\t\t<div class=\"elementor-widget-wrap elementor-element-populated\">\n\t\t\t\t\t\t<div class=\"elementor-element elementor-element-049b2bc elementor-widget__width-initial elementor-widget-mobile__width-inherit elementor-invisible nuss-elementor-loading nuss-slide-in-right elementor-widget elementor-widget-image\" data-id=\"049b2bc\" data-element_type=\"widget\" data-e-type=\"widget\" data-settings=\"{&quot;_animation&quot;:&quot;nussSlideInRight&quot;}\" data-widget_type=\"image.default\">\n\t\t\t\t\t\t\t\t\t\t\t\t\t\t\t<img decoding=\"async\" width=\"1280\" height=\"853\" src=\"https:\/\/chimelongpanda.com\/wp-content\/uploads\/2025\/12\/chimelongpandahotel-20.webp\" class=\"attachment-full size-full wp-image-7220\" alt=\"\" srcset=\"https:\/\/chimelongpanda.com\/wp-content\/uploads\/2025\/12\/chimelongpandahotel-20.webp 1280w, https:\/\/chimelongpanda.com\/wp-content\/uploads\/2025\/12\/chimelongpandahotel-20-300x200.webp 300w, https:\/\/chimelongpanda.com\/wp-content\/uploads\/2025\/12\/chimelongpandahotel-20-1024x682.webp 1024w, https:\/\/chimelongpanda.com\/wp-content\/uploads\/2025\/12\/chimelongpandahotel-20-768x512.webp 768w, https:\/\/chimelongpanda.com\/wp-content\/uploads\/2025\/12\/chimelongpandahotel-20-18x12.webp 18w\" sizes=\"(max-width: 1280px) 100vw, 1280px\" \/>\t\t\t\t\t\t\t\t\t\t\t\t\t\t\t<\/div>\n\t\t\t\t\t<\/div>\n\t\t<\/div>\n\t\t\t\t\t<\/div>\n\t\t<\/section>\n\t\t\t\t<\/div>","protected":false},"excerpt":{"rendered":"<p>Step Into a Panda-Themed Wonderland: Welcome to Chimelong Panda Hotel, Guangzhou Nestled at the heart of China\u2019s most thrilling entertainment destination, Chimelong Panda Hotel invites you to experience luxury with a playful twist. Located inside the legendary Chimelong Tourist Resort on Panyu Avenue in Guangzhou, this 5-star family resort isn\u2019t just a place to rest\u2014it\u2019s [&hellip;]<\/p>\n","protected":false},"author":1,"featured_media":0,"parent":0,"menu_order":0,"comment_status":"closed","ping_status":"closed","template":"","meta":{"footnotes":""},"class_list":["post-5266","page","type-page","status-publish","hentry","post-no-thumbnail"],"_links":{"self":[{"href":"https:\/\/chimelongpanda.com\/fr\/wp-json\/wp\/v2\/pages\/5266","targetHints":{"allow":["GET"]}}],"collection":[{"href":"https:\/\/chimelongpanda.com\/fr\/wp-json\/wp\/v2\/pages"}],"about":[{"href":"https:\/\/chimelongpanda.com\/fr\/wp-json\/wp\/v2\/types\/page"}],"author":[{"embeddable":true,"href":"https:\/\/chimelongpanda.com\/fr\/wp-json\/wp\/v2\/users\/1"}],"replies":[{"embeddable":true,"href":"https:\/\/chimelongpanda.com\/fr\/wp-json\/wp\/v2\/comments?post=5266"}],"version-history":[{"count":0,"href":"https:\/\/chimelongpanda.com\/fr\/wp-json\/wp\/v2\/pages\/5266\/revisions"}],"wp:attachment":[{"href":"https:\/\/chimelongpanda.com\/fr\/wp-json\/wp\/v2\/media?parent=5266"}],"curies":[{"name":"wp","href":"https:\/\/api.w.org\/{rel}","templated":true}]}}